{"id":8281,"date":"2024-03-14T12:24:43","date_gmt":"2024-03-14T12:24:43","guid":{"rendered":"https:\/\/frontwave.pt\/request-a-quote\/"},"modified":"2025-02-19T12:27:43","modified_gmt":"2025-02-19T12:27:43","slug":"request-a-quote","status":"publish","type":"page","link":"https:\/\/frontwave.pt\/en\/request-a-quote\/","title":{"rendered":"Request a quote"},"content":{"rendered":"\t\t<div data-elementor-type=\"wp-page\" data-elementor-id=\"8281\" class=\"elementor elementor-8281 elementor-5536\" data-elementor-post-type=\"page\">\n\t\t\t\t<div class=\"elementor-element elementor-element-1958de6 e-flex e-con-boxed e-con e-parent\" data-id=\"1958de6\" data-element_type=\"container\" data-e-type=\"container\">\n\t\t\t\t\t<div class=\"e-con-inner\">\n\t\t\t\t<div class=\"elementor-element elementor-element-5587738 elementor-align-justify elementor-widget__width-initial elementor-widget elementor-widget-button\" data-id=\"5587738\" data-element_type=\"widget\" data-e-type=\"widget\" data-widget_type=\"button.default\">\n\t\t\t\t<div class=\"elementor-widget-container\">\n\t\t\t\t\t\t\t\t\t<div class=\"elementor-button-wrapper\">\n\t\t\t\t\t<a class=\"elementor-button elementor-button-link elementor-size-sm\" href=\"https:\/\/frontwave.pt\/en\/order-status\/\">\n\t\t\t\t\t\t<span class=\"elementor-button-content-wrapper\">\n\t\t\t\t\t\t\t\t\t<span class=\"elementor-button-text\">Order status<\/span>\n\t\t\t\t\t<\/span>\n\t\t\t\t\t<\/a>\n\t\t\t\t<\/div>\n\t\t\t\t\t\t\t\t<\/div>\n\t\t\t\t<\/div>\n\t\t\t\t<div class=\"elementor-element elementor-element-9a9b97d elementor-align-justify elementor-widget__width-initial elementor-widget elementor-widget-button\" data-id=\"9a9b97d\" data-element_type=\"widget\" data-e-type=\"widget\" data-widget_type=\"button.default\">\n\t\t\t\t<div class=\"elementor-widget-container\">\n\t\t\t\t\t\t\t\t\t<div class=\"elementor-button-wrapper\">\n\t\t\t\t\t<a class=\"elementor-button elementor-button-link elementor-size-sm\" href=\"https:\/\/frontwave.pt\/en\/test-report\/\">\n\t\t\t\t\t\t<span class=\"elementor-button-content-wrapper\">\n\t\t\t\t\t\t\t\t\t<span class=\"elementor-button-text\">Test Reports<\/span>\n\t\t\t\t\t<\/span>\n\t\t\t\t\t<\/a>\n\t\t\t\t<\/div>\n\t\t\t\t\t\t\t\t<\/div>\n\t\t\t\t<\/div>\n\t\t\t\t<div class=\"elementor-element elementor-element-a073a21 elementor-align-justify elementor-widget__width-initial elementor-widget elementor-widget-button\" data-id=\"a073a21\" data-element_type=\"widget\" data-e-type=\"widget\" data-widget_type=\"button.default\">\n\t\t\t\t<div class=\"elementor-widget-container\">\n\t\t\t\t\t\t\t\t\t<div class=\"elementor-button-wrapper\">\n\t\t\t\t\t<a class=\"elementor-button elementor-size-sm\" role=\"button\">\n\t\t\t\t\t\t<span class=\"elementor-button-content-wrapper\">\n\t\t\t\t\t\t\t\t\t<span class=\"elementor-button-text\">Request a quote<\/span>\n\t\t\t\t\t<\/span>\n\t\t\t\t\t<\/a>\n\t\t\t\t<\/div>\n\t\t\t\t\t\t\t\t<\/div>\n\t\t\t\t<\/div>\n\t\t\t\t<div class=\"elementor-element elementor-element-fd24f94 elementor-align-justify elementor-widget__width-initial elementor-widget elementor-widget-button\" data-id=\"fd24f94\" data-element_type=\"widget\" data-e-type=\"widget\" data-widget_type=\"button.default\">\n\t\t\t\t<div class=\"elementor-widget-container\">\n\t\t\t\t\t\t\t\t\t<div class=\"elementor-button-wrapper\">\n\t\t\t\t\t<a class=\"elementor-button elementor-button-link elementor-size-sm\" href=\"https:\/\/frontwave.pt\/en\/my-stones\/\">\n\t\t\t\t\t\t<span class=\"elementor-button-content-wrapper\">\n\t\t\t\t\t\t\t\t\t<span class=\"elementor-button-text\">My Stones<\/span>\n\t\t\t\t\t<\/span>\n\t\t\t\t\t<\/a>\n\t\t\t\t<\/div>\n\t\t\t\t\t\t\t\t<\/div>\n\t\t\t\t<\/div>\n\t\t\t\t\t<\/div>\n\t\t\t\t<\/div>\n\t\t<div class=\"elementor-element elementor-element-8f212b6 e-flex e-con-boxed e-con e-parent\" data-id=\"8f212b6\" data-element_type=\"container\" data-e-type=\"container\">\n\t\t\t\t\t<div class=\"e-con-inner\">\n\t\t\t\t<div class=\"elementor-element elementor-element-ea9483f elementor-hidden-desktop elementor-hidden-tablet elementor-hidden-mobile elementor-widget elementor-widget-heading\" data-id=\"ea9483f\" data-element_type=\"widget\" data-e-type=\"widget\" data-widget_type=\"heading.default\">\n\t\t\t\t<div class=\"elementor-widget-container\">\n\t\t\t\t\t<h1 class=\"elementor-heading-title elementor-size-default\">Request a quote<\/h1>\t\t\t\t<\/div>\n\t\t\t\t<\/div>\n\t\t\t\t<div class=\"elementor-element elementor-element-f087fb8 elementor-widget elementor-widget-shortcode\" data-id=\"f087fb8\" data-element_type=\"widget\" data-e-type=\"widget\" data-widget_type=\"shortcode.default\">\n\t\t\t\t<div class=\"elementor-widget-container\">\n\t\t\t\t\t\t\t<div class=\"elementor-shortcode\"><div class=\"forminator-ui forminator-custom-form forminator-custom-form-5643 forminator-design--flat forminator-custom forminator_ajax\" data-forminator-render=\"0\" data-form=\"forminator-module-5643\" data-uid=\"69f2cfed2668b\"><br\/><\/div><form\n\t\t\t\tid=\"forminator-module-5643\"\n\t\t\t\tclass=\"forminator-ui forminator-custom-form forminator-custom-form-5643 forminator-design--flat forminator-custom forminator_ajax\"\n\t\t\t\tmethod=\"post\"\n\t\t\t\tdata-forminator-render=\"0\"\n\t\t\t\tdata-form-id=\"5643\"\n\t\t\t\t data-color-option=\"default\" data-design=\"flat\" data-grid=\"custom\" style=\"display: none;\"\n\t\t\t\tdata-uid=\"69f2cfed2668b\"\n\t\t\t><div role=\"alert\" aria-live=\"polite\" class=\"forminator-response-message forminator-error\" aria-hidden=\"true\"><\/div><div class=\"forminator-row\"><div id=\"group-2\" class=\"forminator-field-group forminator-col forminator-col-12 \"><label class=\"forminator-label forminator-repeater-label\">Dados de contacto<\/label><span class=\"forminator-description forminator-repeater-description\">Os dados fornecidos ser\u00e3o utilizados durante o processo de fatura\u00e7\u00e3o.<\/span><div class=\"forminator-all-group-copies\"><div class=\"forminator-grouped-fields\" data-options=\"{&quot;is_repeater&quot;:false,&quot;min_type&quot;:&quot;custom&quot;,&quot;max_type&quot;:&quot;custom&quot;,&quot;min&quot;:1,&quot;max&quot;:9223372036854775807,&quot;add_text&quot;:&quot;Add item&quot;,&quot;remove_text&quot;:&quot;Remove item&quot;,&quot;action_element_type&quot;:&quot;button&quot;}\"><div class=\"forminator-row\"><div id=\"name-1\" class=\"forminator-field-name forminator-col forminator-col-12 \"><div class=\"forminator-field\"><label for=\"forminator-field-name-1_69f2cfed2668b\" id=\"forminator-field-name-1_69f2cfed2668b-label\" class=\"forminator-label\">Nome <span class=\"forminator-required\">*<\/span><\/label><input type=\"text\" name=\"name-1\" value=\"\" placeholder=\"Nome\" id=\"forminator-field-name-1_69f2cfed2668b\" class=\"forminator-input forminator-name--field\" aria-required=\"true\" autocomplete=\"name\" \/><\/div><\/div><\/div><div class=\"forminator-row\"><div id=\"email-1\" class=\"forminator-field-email forminator-col forminator-col-6 \"><div class=\"forminator-field\"><label for=\"forminator-field-email-1_69f2cfed2668b\" id=\"forminator-field-email-1_69f2cfed2668b-label\" class=\"forminator-label\">Email <span class=\"forminator-required\">*<\/span><\/label><input type=\"email\" name=\"email-1\" value=\"\" placeholder=\"Email\" id=\"forminator-field-email-1_69f2cfed2668b\" class=\"forminator-input forminator-email--field\" data-required=\"1\" aria-required=\"true\" autocomplete=\"email\" \/><\/div><\/div><div id=\"phone-1\" class=\"forminator-field-phone forminator-col forminator-col-6 \"><div class=\"forminator-field\"><label for=\"forminator-field-phone-1_69f2cfed2668b\" id=\"forminator-field-phone-1_69f2cfed2668b-label\" class=\"forminator-label\">Telefone<\/label><input type=\"text\" name=\"phone-1\" value=\"\" placeholder=\"Telefone\" id=\"forminator-field-phone-1_69f2cfed2668b\" class=\"forminator-input forminator-field--phone\" data-required=\"\" aria-required=\"false\" autocomplete=\"off\" data-national_mode=\"disabled\" data-country=\"pt\" data-validation=\"international\" \/><\/div><\/div><\/div><\/div><\/div><\/div><\/div><div class=\"forminator-row\"><div id=\"section-2\" class=\"forminator-field-section forminator-col forminator-col-12 \"><div class=\"forminator-field\"><h2 class=\"forminator-title\">Dados da Empresa<\/h2><h3 class=\"forminator-subtitle\">Os dados fornecidos ser\u00e3o utilizados durante o processo de fatura\u00e7\u00e3o.<\/h3><\/div><\/div><\/div><div class=\"forminator-row\"><div id=\"select-3\" class=\"forminator-field-select forminator-col forminator-col-6 \"><div class=\"forminator-field\"><label for=\"forminator-form-5643__field--select-3_69f2cfed2668b\" id=\"forminator-form-5643__field--select-3_69f2cfed2668b-label\" class=\"forminator-label\">Pa\u00eds <span class=\"forminator-required\">*<\/span><\/label><select  id=\"forminator-form-5643__field--select-3_69f2cfed2668b\" class=\"forminator-select--field forminator-select2 forminator-select2-multiple\" data-required=\"1\" name=\"select-3\" data-default-value=\"PT\" data-hidden-behavior=\"zero\" data-placeholder=\"Pa\u00eds da Empresa\" data-search=\"false\" data-search-placeholder=\"Pa\u00eds da Empresa\" data-checkbox=\"false\" data-allow-clear=\"false\" aria-labelledby=\"forminator-form-5643__field--select-3_69f2cfed2668b-label\"><option value=\"\"  >Pa\u00eds da Empresa<\/option><option value=\"AT\"  data-calculation=\"0\">Austria<\/option><option value=\"BE\"  data-calculation=\"0\">Belgium<\/option><option value=\"BG\"  data-calculation=\"0\">Bulgaria<\/option><option value=\"CY\"  data-calculation=\"0\">Cyprus<\/option><option value=\"CZ\"  data-calculation=\"0\">Czech Republic<\/option><option value=\"DE\"  data-calculation=\"0\">Germany<\/option><option value=\"DK\"  data-calculation=\"0\">Denmark<\/option><option value=\"EE\"  data-calculation=\"0\">Estonia<\/option><option value=\"EL\"  data-calculation=\"0\">Greece<\/option><option value=\"ES\"  data-calculation=\"0\">Spain<\/option><option value=\"FI\"  data-calculation=\"0\">Finland<\/option><option value=\"FR\"  data-calculation=\"0\">France<\/option><option value=\"HR\"  data-calculation=\"0\">Croatia<\/option><option value=\"HU\"  data-calculation=\"0\">Hungary<\/option><option value=\"IE\"  data-calculation=\"0\">Ireland<\/option><option value=\"IT\"  data-calculation=\"0\">Italy<\/option><option value=\"LT\"  data-calculation=\"0\">Lithuania<\/option><option value=\"LU\"  data-calculation=\"0\">Luxembourg<\/option><option value=\"LV\"  data-calculation=\"0\">Latvia<\/option><option value=\"MT\"  data-calculation=\"0\">Malta<\/option><option value=\"NL\"  data-calculation=\"0\">Netherlands<\/option><option value=\"PL\"  data-calculation=\"0\">Poland<\/option><option value=\"PT\" selected=\"selected\" data-calculation=\"0\">Portugal<\/option><option value=\"RO\"  data-calculation=\"0\">Romania<\/option><option value=\"SE\"  data-calculation=\"0\">Sweden<\/option><option value=\"SI\"  data-calculation=\"0\">Slovenia<\/option><option value=\"SK\"  data-calculation=\"0\">Slovakia<\/option><\/select><\/div><\/div><div id=\"text-1\" class=\"forminator-field-text forminator-col forminator-col-6 \"><div class=\"forminator-field\"><label for=\"forminator-field-text-1_69f2cfed2668b\" id=\"forminator-field-text-1_69f2cfed2668b-label\" class=\"forminator-label\">NIF\/VAT da Empresa <span class=\"forminator-required\">*<\/span><\/label><input type=\"text\" name=\"text-1\" value=\"\" placeholder=\"NIF\/VAT da Empresa\" id=\"forminator-field-text-1_69f2cfed2668b\" class=\"forminator-input forminator-name--field\" data-required=\"1\" maxlength=\"9\" \/><span id=\"forminator-field-text-1_69f2cfed2668b-description\" class=\"forminator-description\"><span data-limit=\"9\" data-type=\"characters\">0 \/ 9<\/span><\/span><\/div><\/div><\/div><div class=\"forminator-row\"><div id=\"text-8\" class=\"forminator-field-text forminator-col forminator-col-12 \"><div class=\"forminator-field\"><label for=\"forminator-field-text-8_69f2cfed2668b\" id=\"forminator-field-text-8_69f2cfed2668b-label\" class=\"forminator-label\">Morada <span class=\"forminator-required\">*<\/span><\/label><input type=\"text\" name=\"text-8\" value=\"\" placeholder=\"Morada\" id=\"forminator-field-text-8_69f2cfed2668b\" class=\"forminator-input forminator-name--field\" data-required=\"1\" \/><\/div><\/div><\/div><div class=\"forminator-row\"><div id=\"section-1\" class=\"forminator-field-section forminator-col forminator-col-12 \"><div class=\"forminator-field\"><h2 class=\"forminator-title\">Ensaios<\/h2><h3 class=\"forminator-subtitle\">Por favor, selecione quais ensaios que deseja realizar e a quantos tipos de pedra<\/h3><\/div><\/div><\/div><div class=\"forminator-row\"><div id=\"group-1\" class=\"forminator-field-group forminator-col forminator-col-12 \"><label class=\"forminator-label forminator-repeater-label\">Ensaios Europeus<\/label><div class=\"forminator-all-group-copies forminator-repeater-field\"><div class=\"forminator-grouped-fields\" data-options=\"{&quot;is_repeater&quot;:true,&quot;min_type&quot;:&quot;custom&quot;,&quot;max_type&quot;:&quot;custom&quot;,&quot;min&quot;:1,&quot;max&quot;:17,&quot;add_text&quot;:&quot;Adicionar ensaio&quot;,&quot;remove_text&quot;:&quot;Remover ensaio&quot;,&quot;action_element_type&quot;:&quot;button&quot;}\"><div class=\"forminator-row\"><div id=\"select-1\" class=\"forminator-field-select forminator-col forminator-col-6 \"><div class=\"forminator-field\"><label for=\"forminator-form-5643__field--select-1_69f2cfed2668b\" id=\"forminator-form-5643__field--select-1_69f2cfed2668b-label\" class=\"forminator-label\">Tipo de Ensaio<\/label><select  id=\"forminator-form-5643__field--select-1_69f2cfed2668b\" class=\"forminator-select--field forminator-select2 forminator-select2-multiple\" data-required=\"\" name=\"select-1\" data-default-value=\"1\" data-hidden-behavior=\"zero\" data-placeholder=\"\" data-search=\"false\" data-search-placeholder=\"\" data-checkbox=\"false\" data-allow-clear=\"false\" aria-labelledby=\"forminator-form-5643__field--select-1_69f2cfed2668b-label\"><option value=\"1\" selected=\"selected\" data-calculation=\"0\">Absor\u00e7\u00e3o de \u00c1gua \u00e0 Press\u00e3o Atmosf\u00e9rica<\/option><option value=\"2\"  data-calculation=\"0\">Massa Vol\u00famica Aparente e Porosidade Aberta<\/option><option value=\"3\"  data-calculation=\"0\">Coeficiente de Absor\u00e7\u00e3o de \u00c1gua por Capilaridade<\/option><option value=\"4\"  data-calculation=\"0\">Resist\u00eancia \u00e0 Flex\u00e3o sob Carga Centrada<\/option><option value=\"5\"  data-calculation=\"0\">Carga de Ruptura ao N\u00edvel do Orif\u00edcio de Ancoragem<\/option><option value=\"6\"  data-calculation=\"0\">Resist\u00eancia ao Envelhecimento por Choque T\u00e9rmico<\/option><option value=\"7\"  data-calculation=\"0\">Resist\u00eancia ao Gelo: Ensaio Tecnol\u00f3gico (Perda de Resist\u00eancia \u00e0 Flex\u00e3o Ap\u00f3s Ciclos de Gelo)<\/option><option value=\"8\"  data-calculation=\"0\">Resist\u00eancia ao Gelo: Ensaio Identifica\u00e7\u00e3o<\/option><option value=\"9\"  data-calculation=\"0\">Resist\u00eancia ao Escorregamento por interm\u00e9dio do P\u00eandulo de Atrito<\/option><option value=\"10\"  data-calculation=\"0\">M\u00f3dulo de Elasticidade Din\u00e2mico (atrav\u00e9s da medi\u00e7\u00e3o da frequ\u00eancia de resson\u00e2ncia fundamental)<\/option><option value=\"11\"  data-calculation=\"0\">Resist\u00eancia \u00e0 Flex\u00e3o sob Momento Constante<\/option><option value=\"12\"  data-calculation=\"0\">Energia de Ruptura<\/option><option value=\"13\"  data-calculation=\"0\">Resist\u00eancia \u00e0 Compress\u00e3o Uniaxial<\/option><option value=\"14\"  data-calculation=\"0\">Resist\u00eancia ao Gelo: Ensaio Tecnol\u00f3gico (Perda de Resist\u00eancia \u00e0 Compress\u00e3o Ap\u00f3s ciclos de Gelo)<\/option><option value=\"15\"  data-calculation=\"0\">Resist\u00eancia ao Desgaste (Capon)<\/option><option value=\"16\"  data-calculation=\"0\">Descri\u00e7\u00e3o Petrogr\u00e1fica<\/option><option value=\"17\"  data-calculation=\"0\">Resist\u00eancia \u00e0 Cristaliza\u00e7\u00e3o de Sais<\/option><\/select><\/div><\/div><div id=\"number-1\" class=\"forminator-field-number forminator-col forminator-col-6 \"><div class=\"forminator-field\"><label for=\"forminator-field-number-1_69f2cfed2668b\" id=\"forminator-field-number-1_69f2cfed2668b-label\" class=\"forminator-label\">N.\u00ba de Tipos de Pedra<\/label><input name=\"number-1\" value=\"1\" placeholder=\"\" id=\"forminator-field-number-1_69f2cfed2668b\" class=\"forminator-input forminator-number--field\" inputmode=\"decimal\" data-required=\"\" data-decimals=\"0\" aria-required=\"false\" data-inputmask=\"&#039;groupSeparator&#039;: &#039;&#039;, &#039;radixPoint&#039;: &#039;&#039;, &#039;digits&#039;: &#039;0&#039;\" data-hidden-behavior=\"zero\" type=\"number\" step=\"any\" min=\"1\" max=\"150\" \/><\/div><\/div><\/div><div class=\"forminator-row forminator-action-buttons\"><div class=\"forminator-col forminator-col-12\"><input type=\"button\" value=\"Adicionar ensaio\" class=\"forminator-repeater-action-button forminator-repeater-add\" \/><input type=\"button\" value=\"Remover ensaio\" class=\"forminator-repeater-action-button forminator-repeater-remove\" \/><\/div><\/div><\/div><\/div><\/div><\/div><div class=\"forminator-row\"><div id=\"group-3\" class=\"forminator-field-group forminator-col forminator-col-12 \"><label class=\"forminator-label forminator-repeater-label\">Ensaios ASTM<\/label><div class=\"forminator-all-group-copies forminator-repeater-field\"><div class=\"forminator-grouped-fields\" data-options=\"{&quot;is_repeater&quot;:true,&quot;min_type&quot;:&quot;custom&quot;,&quot;max_type&quot;:&quot;custom&quot;,&quot;min&quot;:1,&quot;max&quot;:6,&quot;add_text&quot;:&quot;Adicionar Ensaio&quot;,&quot;remove_text&quot;:&quot;Remover Ensaio&quot;,&quot;action_element_type&quot;:&quot;button&quot;}\"><div class=\"forminator-row\"><div id=\"select-2\" class=\"forminator-field-select forminator-col forminator-col-6 \"><div class=\"forminator-field\"><label for=\"forminator-form-5643__field--select-2_69f2cfed2668b\" id=\"forminator-form-5643__field--select-2_69f2cfed2668b-label\" class=\"forminator-label\">Tipo de Ensaio<\/label><select  id=\"forminator-form-5643__field--select-2_69f2cfed2668b\" class=\"forminator-select--field forminator-select2 forminator-select2-multiple\" data-required=\"\" name=\"select-2\" data-default-value=\"1\" data-hidden-behavior=\"zero\" data-placeholder=\"\" data-search=\"false\" data-search-placeholder=\"\" data-checkbox=\"false\" data-allow-clear=\"false\" aria-labelledby=\"forminator-form-5643__field--select-2_69f2cfed2668b-label\"><option value=\"1\" selected=\"selected\" data-calculation=\"0\">Absorption and Bulk Specific Gravity of Dimension Stone<\/option><option value=\"2\"  data-calculation=\"0\">Modulus of Rupture of Dimension Stone<\/option><option value=\"3\"  data-calculation=\"0\">Flexural Strength of Dimension Stone<\/option><option value=\"4\"  data-calculation=\"0\">Strength of Individual Stone Anchorages in Dimension Stone<\/option><option value=\"5\"  data-calculation=\"0\">Compressive Strength of Dimension Stone<\/option><option value=\"6\"  data-calculation=\"0\">Abrasion Resistance of Dimension Stone Subjected to Foot Traffic Using a Rotary Platform Abraser<\/option><\/select><\/div><\/div><div id=\"number-2\" class=\"forminator-field-number forminator-col forminator-col-6 \"><div class=\"forminator-field\"><label for=\"forminator-field-number-2_69f2cfed2668b\" id=\"forminator-field-number-2_69f2cfed2668b-label\" class=\"forminator-label\">N.\u00ba de Tipos de Pedra<\/label><input name=\"number-2\" value=\"1\" placeholder=\"\" id=\"forminator-field-number-2_69f2cfed2668b\" class=\"forminator-input forminator-number--field\" inputmode=\"decimal\" data-required=\"\" data-decimals=\"0\" aria-required=\"false\" data-inputmask=\"&#039;groupSeparator&#039;: &#039;&#039;, &#039;radixPoint&#039;: &#039;&#039;, &#039;digits&#039;: &#039;0&#039;\" data-hidden-behavior=\"zero\" type=\"number\" step=\"any\" min=\"1\" max=\"150\" \/><\/div><\/div><\/div><div class=\"forminator-row forminator-action-buttons\"><div class=\"forminator-col forminator-col-12\"><input type=\"button\" value=\"Adicionar Ensaio\" class=\"forminator-repeater-action-button forminator-repeater-add\" \/><input type=\"button\" value=\"Remover Ensaio\" class=\"forminator-repeater-action-button forminator-repeater-remove\" \/><\/div><\/div><\/div><\/div><\/div><\/div><div class=\"forminator-row\"><div id=\"group-4\" class=\"forminator-field-group forminator-col forminator-col-12 \"><label class=\"forminator-label forminator-repeater-label\">Outros Ensaios<\/label><div class=\"forminator-all-group-copies forminator-repeater-field\"><div class=\"forminator-grouped-fields\" data-options=\"{&quot;is_repeater&quot;:true,&quot;min_type&quot;:&quot;custom&quot;,&quot;max_type&quot;:&quot;custom&quot;,&quot;min&quot;:1,&quot;max&quot;:100,&quot;add_text&quot;:&quot;Adicionar Ensaio&quot;,&quot;remove_text&quot;:&quot;Remover Ensaio&quot;,&quot;action_element_type&quot;:&quot;button&quot;}\"><div class=\"forminator-row\"><div id=\"text-9\" class=\"forminator-field-text forminator-col forminator-col-12 \"><div class=\"forminator-field\"><label for=\"forminator-field-text-9_69f2cfed2668b\" id=\"forminator-field-text-9_69f2cfed2668b-label\" class=\"forminator-label\">Nome do Ensaio<\/label><input type=\"text\" name=\"text-9\" value=\"\" placeholder=\"Nome do Ensaio\" id=\"forminator-field-text-9_69f2cfed2668b\" class=\"forminator-input forminator-name--field\" data-required=\"\" \/><\/div><\/div><\/div><div class=\"forminator-row\"><div id=\"text-10\" class=\"forminator-field-text forminator-col forminator-col-12 \"><div class=\"forminator-field\"><label for=\"forminator-field-text-10_69f2cfed2668b\" id=\"forminator-field-text-10_69f2cfed2668b-label\" class=\"forminator-label\">Norma de Refer\u00eancia<\/label><input type=\"text\" name=\"text-10\" value=\"\" placeholder=\"Norma de Refer\u00eancia\" id=\"forminator-field-text-10_69f2cfed2668b\" class=\"forminator-input forminator-name--field\" data-required=\"\" \/><\/div><\/div><\/div><div class=\"forminator-row\"><div id=\"number-3\" class=\"forminator-field-number forminator-col forminator-col-12 \"><div class=\"forminator-field\"><label for=\"forminator-field-number-3_69f2cfed2668b\" id=\"forminator-field-number-3_69f2cfed2668b-label\" class=\"forminator-label\">N.\u00ba de Tipos de Pedra<\/label><input name=\"number-3\" value=\"1\" placeholder=\"N.\u00ba de Tipos de Pedra\" id=\"forminator-field-number-3_69f2cfed2668b\" class=\"forminator-input forminator-number--field\" inputmode=\"decimal\" data-required=\"\" data-decimals=\"0\" aria-required=\"false\" data-inputmask=\"&#039;groupSeparator&#039;: &#039;&#039;, &#039;radixPoint&#039;: &#039;&#039;, &#039;digits&#039;: &#039;0&#039;\" data-hidden-behavior=\"zero\" type=\"number\" step=\"any\" min=\"1\" max=\"150\" \/><\/div><\/div><\/div><div class=\"forminator-row forminator-action-buttons\"><div class=\"forminator-col forminator-col-12\"><input type=\"button\" value=\"Adicionar Ensaio\" class=\"forminator-repeater-action-button forminator-repeater-add\" \/><input type=\"button\" value=\"Remover Ensaio\" class=\"forminator-repeater-action-button forminator-repeater-remove\" \/><\/div><\/div><\/div><\/div><\/div><\/div><div class=\"forminator-row\"><div id=\"textarea-1\" class=\"forminator-field-textarea forminator-col forminator-col-12 \"><div class=\"forminator-field\"><label for=\"forminator-field-textarea-1_69f2cfed2668b\" id=\"forminator-field-textarea-1_69f2cfed2668b-label\" class=\"forminator-label\">Indique outros requisitos que devem ser considerados na or\u00e7amenta\u00e7\u00e3o<\/label><textarea name=\"textarea-1\" placeholder=\"Indique outros requisitos que devem ser considerados na or\u00e7amenta\u00e7\u00e3o\" id=\"forminator-field-textarea-1_69f2cfed2668b\" class=\"forminator-textarea\" rows=\"6\" style=\"min-height:140px;\" ><\/textarea><\/div><\/div><\/div><input type=\"hidden\" name=\"referer_url\" value=\"\" \/><div class=\"forminator-row forminator-row-last\"><div class=\"forminator-col\"><div class=\"forminator-field\"><button class=\"forminator-button forminator-button-submit\">Solicitar or&ccedil;amento<\/button><\/div><\/div><\/div><input type=\"hidden\" id=\"forminator_nonce\" name=\"forminator_nonce\" value=\"b14b03e19c\" \/><input type=\"hidden\" name=\"_wp_http_referer\" value=\"\/en\/wp-json\/wp\/v2\/pages\/8281\" \/><input type=\"hidden\" name=\"form_id\" value=\"5643\"><input type=\"hidden\" name=\"page_id\" value=\"8281\"><input type=\"hidden\" name=\"form_type\" value=\"default\"><input type=\"hidden\" name=\"current_url\" value=\"https:\/\/frontwave.pt\/en\/request-a-quote\/\"><input type=\"hidden\" name=\"render_id\" value=\"0\"><input type=\"hidden\" name=\"action\" value=\"forminator_submit_form_custom-forms\"><label for=\"input_19\" class=\"forminator-hidden\" aria-hidden=\"true\">Please do not fill in this field. <input id=\"input_19\" type=\"text\" name=\"input_19\" value=\"\" autocomplete=\"off\"><\/label><\/form><\/div>\n\t\t\t\t\t\t<\/div>\n\t\t\t\t<\/div>\n\t\t\t\t\t<\/div>\n\t\t\t\t<\/div>\n\t\t\t\t<\/div>\n\t\t","protected":false},"excerpt":{"rendered":"<p>Order status Test Reports Request a quote My Stones Request a quote<\/p>\n","protected":false},"author":1,"featured_media":0,"parent":0,"menu_order":0,"comment_status":"closed","ping_status":"closed","template":"elementor_header_footer","meta":{"_acf_changed":false,"footnotes":""},"class_list":["post-8281","page","type-page","status-publish","hentry"],"acf":[],"_links":{"self":[{"href":"https:\/\/frontwave.pt\/en\/wp-json\/wp\/v2\/pages\/8281","targetHints":{"allow":["GET"]}}],"collection":[{"href":"https:\/\/frontwave.pt\/en\/wp-json\/wp\/v2\/pages"}],"about":[{"href":"https:\/\/frontwave.pt\/en\/wp-json\/wp\/v2\/types\/page"}],"author":[{"embeddable":true,"href":"https:\/\/frontwave.pt\/en\/wp-json\/wp\/v2\/users\/1"}],"replies":[{"embeddable":true,"href":"https:\/\/frontwave.pt\/en\/wp-json\/wp\/v2\/comments?post=8281"}],"version-history":[{"count":1,"href":"https:\/\/frontwave.pt\/en\/wp-json\/wp\/v2\/pages\/8281\/revisions"}],"predecessor-version":[{"id":8282,"href":"https:\/\/frontwave.pt\/en\/wp-json\/wp\/v2\/pages\/8281\/revisions\/8282"}],"wp:attachment":[{"href":"https:\/\/frontwave.pt\/en\/wp-json\/wp\/v2\/media?parent=8281"}],"curies":[{"name":"wp","href":"https:\/\/api.w.org\/{rel}","templated":true}]}}