{"id":8263,"date":"2024-03-04T16:22:00","date_gmt":"2024-03-04T16:22:00","guid":{"rendered":"https:\/\/frontwave.pt\/contacts\/"},"modified":"2025-02-19T12:31:10","modified_gmt":"2025-02-19T12:31:10","slug":"contacts","status":"publish","type":"page","link":"https:\/\/frontwave.pt\/en\/contacts\/","title":{"rendered":"Contacts"},"content":{"rendered":"\t\t<div data-elementor-type=\"wp-page\" data-elementor-id=\"8263\" class=\"elementor elementor-8263 elementor-33\" data-elementor-post-type=\"page\">\n\t\t\t\t<div class=\"elementor-element elementor-element-7386c3d e-flex e-con-boxed e-con e-parent\" data-id=\"7386c3d\" data-element_type=\"container\" data-e-type=\"container\">\n\t\t\t\t\t<div class=\"e-con-inner\">\n\t\t\t\t<div class=\"elementor-element elementor-element-0abe432 elementor-widget elementor-widget-heading\" data-id=\"0abe432\" data-element_type=\"widget\" data-e-type=\"widget\" data-widget_type=\"heading.default\">\n\t\t\t\t<div class=\"elementor-widget-container\">\n\t\t\t\t\t<h1 class=\"elementor-heading-title elementor-size-default\">Contacts<\/h1>\t\t\t\t<\/div>\n\t\t\t\t<\/div>\n\t\t\t\t\t<\/div>\n\t\t\t\t<\/div>\n\t\t<div class=\"elementor-element elementor-element-5b76bf8 e-flex e-con-boxed e-con e-parent\" data-id=\"5b76bf8\" data-element_type=\"container\" data-e-type=\"container\">\n\t\t\t\t\t<div class=\"e-con-inner\">\n\t\t<div class=\"elementor-element elementor-element-4f48b71 e-con-full e-flex e-con e-child\" data-id=\"4f48b71\" data-element_type=\"container\" data-e-type=\"container\">\n\t\t\t\t<div class=\"elementor-element elementor-element-f618ab6 elementor-widget elementor-widget-heading\" data-id=\"f618ab6\" data-element_type=\"widget\" data-e-type=\"widget\" data-widget_type=\"heading.default\">\n\t\t\t\t<div class=\"elementor-widget-container\">\n\t\t\t\t\t<h2 class=\"elementor-heading-title elementor-size-default\">Vila Vi\u00e7osa<\/h2>\t\t\t\t<\/div>\n\t\t\t\t<\/div>\n\t\t\t\t<div class=\"elementor-element elementor-element-1267b98 elementor-widget elementor-widget-image\" data-id=\"1267b98\" data-element_type=\"widget\" data-e-type=\"widget\" data-widget_type=\"image.default\">\n\t\t\t\t<div class=\"elementor-widget-container\">\n\t\t\t\t\t\t\t\t\t\t\t\t\t\t\t<img fetchpriority=\"high\" decoding=\"async\" width=\"1366\" height=\"768\" src=\"https:\/\/frontwave.pt\/wp-content\/uploads\/2024\/03\/Vila-Vicosa_fw.jpg\" class=\"attachment-full size-full wp-image-6970\" alt=\"\" srcset=\"https:\/\/frontwave.pt\/wp-content\/uploads\/2024\/03\/Vila-Vicosa_fw.jpg 1366w, https:\/\/frontwave.pt\/wp-content\/uploads\/2024\/03\/Vila-Vicosa_fw-300x169.jpg 300w, https:\/\/frontwave.pt\/wp-content\/uploads\/2024\/03\/Vila-Vicosa_fw-1024x576.jpg 1024w, https:\/\/frontwave.pt\/wp-content\/uploads\/2024\/03\/Vila-Vicosa_fw-768x432.jpg 768w\" sizes=\"(max-width: 1366px) 100vw, 1366px\" title=\"\">\t\t\t\t\t\t\t\t\t\t\t\t\t\t\t<\/div>\n\t\t\t\t<\/div>\n\t\t\t\t<div class=\"elementor-element elementor-element-a1db0a5 elementor-widget elementor-widget-heading\" data-id=\"a1db0a5\" data-element_type=\"widget\" data-e-type=\"widget\" data-widget_type=\"heading.default\">\n\t\t\t\t<div class=\"elementor-widget-container\">\n\t\t\t\t\t<h2 class=\"elementor-heading-title elementor-size-default\">Parque Industrial de Vila Vi\u00e7osa, Lote 204\/205,<br>Apartado 47<br>7160-292 Vila Vi\u00e7osa<\/h2>\t\t\t\t<\/div>\n\t\t\t\t<\/div>\n\t\t\t\t<div class=\"elementor-element elementor-element-0291d84 elementor-widget elementor-widget-heading\" data-id=\"0291d84\" data-element_type=\"widget\" data-e-type=\"widget\" data-widget_type=\"heading.default\">\n\t\t\t\t<div class=\"elementor-widget-container\">\n\t\t\t\t\t<h2 class=\"elementor-heading-title elementor-size-default\"><a href=\"tel:+351%20268%20098%20132\">+351 268 098 132<\/a><\/h2>\t\t\t\t<\/div>\n\t\t\t\t<\/div>\n\t\t\t\t<div class=\"elementor-element elementor-element-00bbece elementor-widget elementor-widget-heading\" data-id=\"00bbece\" data-element_type=\"widget\" data-e-type=\"widget\" data-widget_type=\"heading.default\">\n\t\t\t\t<div class=\"elementor-widget-container\">\n\t\t\t\t\t<h2 class=\"elementor-heading-title elementor-size-default\">Headquarters, Laboratory and Innovation Unit<\/h2>\t\t\t\t<\/div>\n\t\t\t\t<\/div>\n\t\t\t\t<\/div>\n\t\t<div class=\"elementor-element elementor-element-fa85cba e-con-full e-flex e-con e-child\" data-id=\"fa85cba\" data-element_type=\"container\" data-e-type=\"container\">\n\t\t\t\t<div class=\"elementor-element elementor-element-6866e17 elementor-widget elementor-widget-heading\" data-id=\"6866e17\" data-element_type=\"widget\" data-e-type=\"widget\" data-widget_type=\"heading.default\">\n\t\t\t\t<div class=\"elementor-widget-container\">\n\t\t\t\t\t<h2 class=\"elementor-heading-title elementor-size-default\">Sintra<\/h2>\t\t\t\t<\/div>\n\t\t\t\t<\/div>\n\t\t\t\t<div class=\"elementor-element elementor-element-417721a elementor-widget elementor-widget-image\" data-id=\"417721a\" data-element_type=\"widget\" data-e-type=\"widget\" data-widget_type=\"image.default\">\n\t\t\t\t<div class=\"elementor-widget-container\">\n\t\t\t\t\t\t\t\t\t\t\t\t\t\t\t<img decoding=\"async\" width=\"1366\" height=\"768\" src=\"https:\/\/frontwave.pt\/wp-content\/uploads\/2024\/03\/Sintra_fw.jpg\" class=\"attachment-full size-full wp-image-6972\" alt=\"\" srcset=\"https:\/\/frontwave.pt\/wp-content\/uploads\/2024\/03\/Sintra_fw.jpg 1366w, https:\/\/frontwave.pt\/wp-content\/uploads\/2024\/03\/Sintra_fw-300x169.jpg 300w, https:\/\/frontwave.pt\/wp-content\/uploads\/2024\/03\/Sintra_fw-1024x576.jpg 1024w, https:\/\/frontwave.pt\/wp-content\/uploads\/2024\/03\/Sintra_fw-768x432.jpg 768w\" sizes=\"(max-width: 1366px) 100vw, 1366px\" title=\"\">\t\t\t\t\t\t\t\t\t\t\t\t\t\t\t<\/div>\n\t\t\t\t<\/div>\n\t\t\t\t<div class=\"elementor-element elementor-element-dbbca7e elementor-widget elementor-widget-heading\" data-id=\"dbbca7e\" data-element_type=\"widget\" data-e-type=\"widget\" data-widget_type=\"heading.default\">\n\t\t\t\t<div class=\"elementor-widget-container\">\n\t\t\t\t\t<h2 class=\"elementor-heading-title elementor-size-default\">Rua Retiro dos Pacatos n\u00ba50, Ed\u00edficio Startup Sintra,\n<br>Sala 12<br>2635-224 Rio de Mouro\n<\/h2>\t\t\t\t<\/div>\n\t\t\t\t<\/div>\n\t\t\t\t<div class=\"elementor-element elementor-element-9ab52a0 elementor-widget elementor-widget-heading\" data-id=\"9ab52a0\" data-element_type=\"widget\" data-e-type=\"widget\" data-widget_type=\"heading.default\">\n\t\t\t\t<div class=\"elementor-widget-container\">\n\t\t\t\t\t<h2 class=\"elementor-heading-title elementor-size-default\"><a href=\"tel:+351%20217%20648%20585\">+351 217 648 585<\/a><\/h2>\t\t\t\t<\/div>\n\t\t\t\t<\/div>\n\t\t\t\t<div class=\"elementor-element elementor-element-e6a14b4 elementor-widget elementor-widget-heading\" data-id=\"e6a14b4\" data-element_type=\"widget\" data-e-type=\"widget\" data-widget_type=\"heading.default\">\n\t\t\t\t<div class=\"elementor-widget-container\">\n\t\t\t\t\t<h2 class=\"elementor-heading-title elementor-size-default\">Office <\/h2>\t\t\t\t<\/div>\n\t\t\t\t<\/div>\n\t\t\t\t<\/div>\n\t\t\t\t\t<\/div>\n\t\t\t\t<\/div>\n\t\t<div class=\"elementor-element elementor-element-e91422b e-flex e-con-boxed e-con e-parent\" data-id=\"e91422b\" data-element_type=\"container\" data-e-type=\"container\">\n\t\t\t\t\t<div class=\"e-con-inner\">\n\t\t\t\t<div class=\"elementor-element elementor-element-e840734 elementor-widget elementor-widget-heading\" data-id=\"e840734\" data-element_type=\"widget\" data-e-type=\"widget\" data-widget_type=\"heading.default\">\n\t\t\t\t<div class=\"elementor-widget-container\">\n\t\t\t\t\t<h2 class=\"elementor-heading-title elementor-size-default\">We'll help you with your project<\/h2>\t\t\t\t<\/div>\n\t\t\t\t<\/div>\n\t\t\t\t<div class=\"elementor-element elementor-element-d5b7164 elementor-widget elementor-widget-shortcode\" data-id=\"d5b7164\" data-element_type=\"widget\" data-e-type=\"widget\" data-widget_type=\"shortcode.default\">\n\t\t\t\t<div class=\"elementor-widget-container\">\n\t\t\t\t\t\t\t<div class=\"elementor-shortcode\"><div class=\"forminator-ui forminator-custom-form forminator-custom-form-6685 forminator-design--flat forminator-custom forminator_ajax\" data-forminator-render=\"0\" data-form=\"forminator-module-6685\" data-uid=\"69f28ecc17565\"><br\/><\/div><form\n\t\t\t\tid=\"forminator-module-6685\"\n\t\t\t\tclass=\"forminator-ui forminator-custom-form forminator-custom-form-6685 forminator-design--flat forminator-custom forminator_ajax\"\n\t\t\t\tmethod=\"post\"\n\t\t\t\tdata-forminator-render=\"0\"\n\t\t\t\tdata-form-id=\"6685\"\n\t\t\t\t data-color-option=\"default\" data-design=\"flat\" data-grid=\"custom\" style=\"display: none;\"\n\t\t\t\tdata-uid=\"69f28ecc17565\"\n\t\t\t><div role=\"alert\" aria-live=\"polite\" class=\"forminator-response-message forminator-error\" aria-hidden=\"true\"><\/div><div class=\"forminator-row\"><div id=\"group-1\" class=\"forminator-field-group forminator-col forminator-col-6  NET-fields\"><div class=\"forminator-all-group-copies\"><div class=\"forminator-grouped-fields\" data-options=\"{&quot;is_repeater&quot;:false,&quot;min_type&quot;:&quot;custom&quot;,&quot;max_type&quot;:&quot;custom&quot;,&quot;min&quot;:1,&quot;max&quot;:9223372036854775807,&quot;add_text&quot;:&quot;Add item&quot;,&quot;remove_text&quot;:&quot;Remove item&quot;,&quot;action_element_type&quot;:&quot;button&quot;}\"><div class=\"forminator-row\"><div id=\"name-1\" class=\"forminator-field-name forminator-col forminator-col-12 \"><div class=\"forminator-field\"><input type=\"text\" name=\"name-1\" value=\"\" placeholder=\"Nome\" id=\"forminator-field-name-1_69f28ecc17565\" class=\"forminator-input forminator-name--field\" aria-required=\"true\" autocomplete=\"name\" \/><\/div><\/div><\/div><div class=\"forminator-row\"><div id=\"email-1\" class=\"forminator-field-email forminator-col forminator-col-12 \"><div class=\"forminator-field\"><input type=\"email\" name=\"email-1\" value=\"\" placeholder=\"Email\" id=\"forminator-field-email-1_69f28ecc17565\" class=\"forminator-input forminator-email--field\" data-required=\"1\" aria-required=\"true\" autocomplete=\"email\" \/><\/div><\/div><\/div><div class=\"forminator-row\"><div id=\"phone-1\" class=\"forminator-field-phone forminator-col forminator-col-12 \"><div class=\"forminator-field\"><input type=\"text\" name=\"phone-1\" value=\"\" placeholder=\"Telefone\" id=\"forminator-field-phone-1_69f28ecc17565\" class=\"forminator-input forminator-field--phone\" data-required=\"1\" aria-required=\"true\" autocomplete=\"off\" data-national_mode=\"disabled\" data-country=\"pt\" data-validation=\"international\" \/><\/div><\/div><\/div><\/div><\/div><\/div><div id=\"group-2\" class=\"forminator-field-group forminator-col forminator-col-6  checkbox-fields\"><div class=\"forminator-all-group-copies\"><div class=\"forminator-grouped-fields\" data-options=\"{&quot;is_repeater&quot;:false,&quot;min_type&quot;:&quot;custom&quot;,&quot;max_type&quot;:&quot;custom&quot;,&quot;min&quot;:1,&quot;max&quot;:9223372036854775807,&quot;add_text&quot;:&quot;Add item&quot;,&quot;remove_text&quot;:&quot;Remove item&quot;,&quot;action_element_type&quot;:&quot;button&quot;}\"><div class=\"forminator-row\"><div id=\"checkbox-1\" class=\"forminator-field-checkbox forminator-col forminator-col-12  checkbox-form-edit\"><div role=\"group\" class=\"forminator-field required\" aria-labelledby=\"forminator-checkbox-group-forminator-field-checkbox-1-69f28ecc17565-label\"><label id=\"forminator-field-checkbox-1-1-69f28ecc17565-label\" for=\"forminator-field-checkbox-1-1-69f28ecc17565\" class=\"forminator-checkbox\" title=\"Quero realizar ensaios aos meus produtos (Laborat\u00f3rio Acreditado)\"><input type=\"checkbox\" name=\"checkbox-1[]\" value=\"Quero realizar ensaios aos meus produtos  (Lab.fw)\" id=\"forminator-field-checkbox-1-1-69f28ecc17565\" aria-labelledby=\"forminator-field-checkbox-1-1-69f28ecc17565-label\" data-calculation=\"0\"   data-hidden-behavior=\"zero\"\/><span class=\"forminator-checkbox-box\" aria-hidden=\"true\"><\/span><span class=\"forminator-checkbox-label\">Quero realizar ensaios aos meus produtos (Laborat\u00f3rio Acreditado)<\/span><\/label><label id=\"forminator-field-checkbox-1-2-69f28ecc17565-label\" for=\"forminator-field-checkbox-1-2-69f28ecc17565\" class=\"forminator-checkbox\" title=\"Quero certificar a minha empresa (ex. Marca\u00e7\u00e3o CE, ISO 9001)\"><input type=\"checkbox\" name=\"checkbox-1[]\" value=\"Quero certificar a minha empresa  (mCE)\" id=\"forminator-field-checkbox-1-2-69f28ecc17565\" aria-labelledby=\"forminator-field-checkbox-1-2-69f28ecc17565-label\" data-calculation=\"0\"   data-hidden-behavior=\"zero\"\/><span class=\"forminator-checkbox-box\" aria-hidden=\"true\"><\/span><span class=\"forminator-checkbox-label\">Quero certificar a minha empresa (ex. Marca\u00e7\u00e3o CE, ISO 9001)<\/span><\/label><label id=\"forminator-field-checkbox-1-3-69f28ecc17565-label\" for=\"forminator-field-checkbox-1-3-69f28ecc17565\" class=\"forminator-checkbox\" title=\"Quero apoio ou forma\u00e7\u00e3o na sele\u00e7\u00e3o de materiais (Consultoria T\u00e9cnica)\"><input type=\"checkbox\" name=\"checkbox-1[]\" value=\"Quero-apoio-ou-forma\u00e7\u00e3o-na-sele\u00e7\u00e3o-de-materiais-(Consultoria)\" id=\"forminator-field-checkbox-1-3-69f28ecc17565\" aria-labelledby=\"forminator-field-checkbox-1-3-69f28ecc17565-label\" data-calculation=\"0\"   data-hidden-behavior=\"zero\"\/><span class=\"forminator-checkbox-box\" aria-hidden=\"true\"><\/span><span class=\"forminator-checkbox-label\">Quero apoio ou forma\u00e7\u00e3o na sele\u00e7\u00e3o de materiais (Consultoria T\u00e9cnica)<\/span><\/label><label id=\"forminator-field-checkbox-1-4-69f28ecc17565-label\" for=\"forminator-field-checkbox-1-4-69f28ecc17565\" class=\"forminator-checkbox\" title=\"Quero obter financiamento para o meu projeto (Consultoria Estrat\u00e9gica)\"><input type=\"checkbox\" name=\"checkbox-1[]\" value=\"Quero-obter-financiamento-para-o-meu-projeto-(Fund.fw)\" id=\"forminator-field-checkbox-1-4-69f28ecc17565\" aria-labelledby=\"forminator-field-checkbox-1-4-69f28ecc17565-label\" data-calculation=\"0\"   data-hidden-behavior=\"zero\"\/><span class=\"forminator-checkbox-box\" aria-hidden=\"true\"><\/span><span class=\"forminator-checkbox-label\">Quero obter financiamento para o meu projeto (Consultoria Estrat\u00e9gica)<\/span><\/label><label id=\"forminator-field-checkbox-1-5-69f28ecc17565-label\" for=\"forminator-field-checkbox-1-5-69f28ecc17565\" class=\"forminator-checkbox\" title=\"Outros\"><input type=\"checkbox\" name=\"checkbox-1[]\" value=\"Outros\" id=\"forminator-field-checkbox-1-5-69f28ecc17565\" aria-labelledby=\"forminator-field-checkbox-1-5-69f28ecc17565-label\" data-calculation=\"0\"   data-hidden-behavior=\"zero\"\/><span class=\"forminator-checkbox-box\" aria-hidden=\"true\"><\/span><span class=\"forminator-checkbox-label\">Outros<\/span><\/label><\/div><\/div><\/div><\/div><\/div><\/div><\/div><div class=\"forminator-row\"><div id=\"textarea-1\" class=\"forminator-field-textarea forminator-col forminator-col-12 \"><div class=\"forminator-field\"><textarea name=\"textarea-1\" placeholder=\"Observa\u00e7\u00f5es\" id=\"forminator-field-textarea-1_69f28ecc17565\" class=\"forminator-textarea\" rows=\"6\" style=\"min-height:140px;\" ><\/textarea><\/div><\/div><\/div><div class=\"forminator-row\"><div id=\"consent-1\" class=\"forminator-field-consent forminator-col forminator-col-12 \"><div class=\"forminator-field\"><div class=\"forminator-checkbox__wrapper\"><label id=\"forminator-field-consent-1_69f28ecc17565__label\" class=\"forminator-checkbox forminator-consent\"><input type=\"checkbox\" name=\"consent-1\" id=\"forminator-field-consent-1_69f28ecc17565\" value=\"checked\" aria-labelledby=\"forminator-field-consent-1_69f28ecc17565-label\" aria-describedby=\"forminator-field-consent-1_69f28ecc17565__description\" data-required=\"false\" aria-required=\"false\" \/><span class=\"forminator-checkbox-box\" aria-hidden=\"true\"><\/span><\/label><div id=\"forminator-field-consent-1_69f28ecc17565__description\" class=\"forminator-checkbox__label forminator-consent__label\"><p>Quero receber recomenda\u00e7\u00f5es sobre produtos ou servi\u00e7os Frontwave, bem como convites para eventos e informa\u00e7\u00f5es relevantes.<\/p><\/div><\/div><\/div><\/div><\/div><div class=\"forminator-row\"><div id=\"consent-2\" class=\"forminator-field-consent forminator-col forminator-col-12 \"><div class=\"forminator-field\"><div class=\"forminator-checkbox__wrapper\"><label id=\"forminator-field-consent-2_69f28ecc17565__label\" class=\"forminator-checkbox forminator-consent\"><input type=\"checkbox\" name=\"consent-2\" id=\"forminator-field-consent-2_69f28ecc17565\" value=\"checked\" aria-labelledby=\"forminator-field-consent-2_69f28ecc17565-label\" aria-describedby=\"forminator-field-consent-2_69f28ecc17565__description\" data-required=\"true\" aria-required=\"true\" \/><span class=\"forminator-checkbox-box\" aria-hidden=\"true\"><\/span><\/label><div id=\"forminator-field-consent-2_69f28ecc17565__description\" class=\"forminator-checkbox__label forminator-consent__label\"><p>Tomei conhecimento e aceito os <a rel=\"noopener\" target=\"_blank\" href=\"https:\/\/frontwave.pt\/termos-e-condicoes\/\">Termos e Condi\u00e7\u00f5es<\/a> e <a rel=\"noopener\" target=\"_blank\" href=\"https:\/\/frontwave.pt\/politica-de-privacidade\/\">Pol\u00edtica de Privacidade<\/a> e&nbsp; <a rel=\"noopener\" target=\"_blank\" href=\"https:\/\/www.brevo.com\/pt\/legal\/antispampolicy\/\">Pol\u00edtica Anti-Spam<\/a><\/p><\/div><\/div><\/div><\/div><\/div><div class=\"forminator-row\"><div id=\"captcha-1\" class=\"forminator-field-captcha forminator-col forminator-col-12 \"><div class=\"forminator-captcha-left forminator-g-recaptcha recaptcha-invisible\" data-theme=\"light\" data-badge=\"inline\" data-sitekey=\"6LdPdZkpAAAAAN11xUhZ2hwjQPkwov0OyMP6bOuQ\" data-size=\"invisible\"><\/div> <\/div><\/div><input type=\"hidden\" name=\"referer_url\" value=\"\" \/><div class=\"forminator-row forminator-row-last\"><div class=\"forminator-col\"><div class=\"forminator-field\"><button class=\"forminator-button forminator-button-submit\">Enviar<\/button><\/div><\/div><\/div><input type=\"hidden\" id=\"forminator_nonce\" name=\"forminator_nonce\" value=\"07bf2911f2\" \/><input type=\"hidden\" name=\"_wp_http_referer\" value=\"\/en\/wp-json\/wp\/v2\/pages\/8263\" \/><input type=\"hidden\" name=\"form_id\" value=\"6685\"><input type=\"hidden\" name=\"page_id\" value=\"8263\"><input type=\"hidden\" name=\"form_type\" value=\"default\"><input type=\"hidden\" name=\"current_url\" value=\"https:\/\/frontwave.pt\/en\/contacts\/\"><input type=\"hidden\" name=\"render_id\" value=\"0\"><input type=\"hidden\" name=\"action\" value=\"forminator_submit_form_custom-forms\"><label for=\"input_10\" class=\"forminator-hidden\" aria-hidden=\"true\">Please do not fill in this field. <input id=\"input_10\" type=\"text\" name=\"input_10\" value=\"\" autocomplete=\"off\"><\/label><\/form><\/div>\n\t\t\t\t\t\t<\/div>\n\t\t\t\t<\/div>\n\t\t\t\t\t<\/div>\n\t\t\t\t<\/div>\n\t\t\t\t<\/div>\n\t\t","protected":false},"excerpt":{"rendered":"<p>Contacts Vila Vi\u00e7osa Parque Industrial de Vila Vi\u00e7osa, Lote 204\/205,Apartado 477160-292 Vila Vi\u00e7osa +351 268 098 132 Headquarters, Laboratory and Innovation Unit Sintra Rua Retiro dos Pacatos n\u00ba50, Ed\u00edficio Startup Sintra, Sala 122635-224 Rio de Mouro +351 217 648 585 Office We&#8217;ll help you with your project<\/p>\n","protected":false},"author":1,"featured_media":0,"parent":0,"menu_order":0,"comment_status":"closed","ping_status":"closed","template":"elementor_header_footer","meta":{"_acf_changed":false,"footnotes":""},"class_list":["post-8263","page","type-page","status-publish","hentry"],"acf":[],"_links":{"self":[{"href":"https:\/\/frontwave.pt\/en\/wp-json\/wp\/v2\/pages\/8263","targetHints":{"allow":["GET"]}}],"collection":[{"href":"https:\/\/frontwave.pt\/en\/wp-json\/wp\/v2\/pages"}],"about":[{"href":"https:\/\/frontwave.pt\/en\/wp-json\/wp\/v2\/types\/page"}],"author":[{"embeddable":true,"href":"https:\/\/frontwave.pt\/en\/wp-json\/wp\/v2\/users\/1"}],"replies":[{"embeddable":true,"href":"https:\/\/frontwave.pt\/en\/wp-json\/wp\/v2\/comments?post=8263"}],"version-history":[{"count":3,"href":"https:\/\/frontwave.pt\/en\/wp-json\/wp\/v2\/pages\/8263\/revisions"}],"predecessor-version":[{"id":8286,"href":"https:\/\/frontwave.pt\/en\/wp-json\/wp\/v2\/pages\/8263\/revisions\/8286"}],"wp:attachment":[{"href":"https:\/\/frontwave.pt\/en\/wp-json\/wp\/v2\/media?parent=8263"}],"curies":[{"name":"wp","href":"https:\/\/api.w.org\/{rel}","templated":true}]}}